{"id":35,"date":"2025-03-18T01:00:58","date_gmt":"2025-03-18T05:00:58","guid":{"rendered":"http:\/\/implantquiz.wpengine.com\/?page_id=35"},"modified":"2026-01-07T20:31:15","modified_gmt":"2026-01-08T01:31:15","slug":"contactenos","status":"publish","type":"page","link":"https:\/\/www.healthyhabitdentalcare.com\/es\/contact-us\/","title":{"rendered":"Cont\u00e1ctenos"},"content":{"rendered":"<div class=\"row row-collapse row-full-width\"  id=\"row-108062004\">\n\n\t<div id=\"col-1745275419\" class=\"col small-12 large-12\"  >\n\t\t\t\t<div class=\"col-inner\"  >\n\t\t\t\n\t\t\t\n\n\t<section class=\"section\" id=\"section_1843837953\">\n\t\t<div class=\"section-bg fill\" >\n\t\t\t<img loading=\"lazy\" decoding=\"async\" width=\"2560\" height=\"1808\" src=\"https:\/\/www.healthyhabitdentalcare.com\/wp-content\/uploads\/2025\/12\/Team-Outside-scaled.jpg\" class=\"bg attachment-original size-original\" alt=\"Acerca de nosotros - Healthy Habit Dental Care en Temecula, California\" \/>\t\t\t\t\t\t\n\t\t\t\n\n\t\t<\/div>\n\n\t\t\n\n\t\t<div class=\"section-content relative\">\n\t\t\t\n<div class=\"row row-collapse align-center\" style=\"max-width:\" id=\"row-1721496152\">\n\n\t<div id=\"col-189967505\" class=\"col small-12 large-12\"  >\n\t\t\t\t<div class=\"col-inner text-center text-shadow-5 dark\"  >\n\t\t\t\n\t\t\t\n\t\t<\/div>\n\t\t\t\t\n<style>\n#col-189967505 > .col-inner {\n  padding: 20px 20px 20px 0px;\n}\n@media (min-width:550px) {\n  #col-189967505 > .col-inner {\n    padding: 60px 0px 60px 0px;\n  }\n}\n@media (min-width:850px) {\n  #col-189967505 > .col-inner {\n    padding: 200px 0px 200px 0px;\n  }\n}\n<\/style>\n\t<\/div>\n\n\t\n<\/div>\n\t\t<\/div>\n\n\t\t\n<style>\n#section_1843837953 {\n  padding-top: 0px;\n  padding-bottom: 0px;\n  min-height: 0px;\n}\n#section_1843837953 .section-bg-overlay {\n  background-color: rgba(0, 0, 0, 0.12);\n}\n#section_1843837953 .section-bg img {\n  object-position: 55% 13%;\n}\n@media (min-width:550px) {\n  #section_1843837953 {\n    padding-top: 0px;\n    padding-bottom: 0px;\n  }\n  #section_1843837953 .section-bg-overlay {\n    background-color: rgba(0, 0, 0, 0.21);\n  }\n}\n@media (min-width:850px) {\n  #section_1843837953 {\n    padding-top: 60px;\n    padding-bottom: 60px;\n  }\n}\n<\/style>\n\t<\/section>\n\t\n\t\t<\/div>\n\t\t\t\t\t<\/div>\n\n\t\n<\/div>\n<div class=\"row row-large\" style=\"max-width:1400px\" id=\"row-2062802785\">\n\n\t<div id=\"col-1181613843\" class=\"col small-12 large-12\"  >\n\t\t\t\t<div class=\"col-inner\" style=\"background-color:rgb(249, 249, 249);\" >\n\t\t\t\n\t\t\t\n<div class=\"container section-title-container\" ><h3 class=\"section-title section-title-bold-center\"><b aria-hidden=\"true\"><\/b><span class=\"section-title-main\" style=\"font-size:140%;\">P\u00f3ngase en contacto con Healthy Habit Dental Care<\/span><b aria-hidden=\"true\"><\/b><\/h3><\/div>\n<div class=\"row row-collapse row-full-width\"  id=\"row-1270716050\">\n\n\t<div id=\"col-398964853\" class=\"col medium-12 small-12 large-7\"  >\n\t\t\t\t<div class=\"col-inner\"  >\n\t\t\t\n\t\t\t\n\t<div id=\"gap-434659048\" class=\"gap-element clearfix\" style=\"display:block; height:auto;\">\n\t\t\n<style>\n#gap-434659048 {\n  padding-top: 20px;\n}\n@media (min-width:550px) {\n  #gap-434659048 {\n    padding-top: 20px;\n  }\n}\n@media (min-width:850px) {\n  #gap-434659048 {\n    padding-top: 30px;\n  }\n}\n<\/style>\n\t<\/div>\n\t\n<div class=\"row\"  id=\"row-1525939038\">\n\n\t<div id=\"col-1469675325\" class=\"col medium-6 small-12 large-6\"  >\n\t\t\t\t<div class=\"col-inner\"  >\n\t\t\t\n\t\t\t\n\t<div class=\"img has-hover x md-x lg-x y md-y lg-y\" id=\"image_101506699\">\n\t\t\t\t\t\t\t\t<div class=\"img-inner dark\" >\n\t\t\t\t\t\t\t\t\t\n\t\t\t\t\t<\/div>\n\t\t\t\t\t\t\t\t\n<style>\n#image_101506699 {\n  width: 15%;\n}\n@media (min-width:550px) {\n  #image_101506699 {\n    width: 20%;\n  }\n}\n<\/style>\n\t<\/div>\n\t\n<h3 class=\"uppercase\"><span style=\"text-decoration: underline;\" data-text-color=\"primary\">tel\u00e9fono<\/span><\/h3>\n<p><span style=\"font-size: 160%;\"><strong>(951) 695-3274<\/strong><\/span><\/p>\n<h3 class=\"uppercase\"><span style=\"text-decoration: underline; font-size: 100%;\" data-text-color=\"primary\">Direcci\u00f3n<\/span><\/h3>\n<p><a href=\"https:\/\/maps.app.goo.gl\/GAKzHxR1AqRz76G27\"><span style=\"font-size: 160%;\"><strong>41230 Margarita Rd, Suite 102<\/strong><\/span><\/a><br \/>\n<span style=\"font-size: 160%;\"><a href=\"https:\/\/maps.app.goo.gl\/GAKzHxR1AqRz76G27\"><strong>Temecula, CA 92591<\/strong><\/a><\/span><\/p>\n<p><a href=\"\/\/a.gotoloc.com\/uber\/FHIiS6qIXmYdrA\"><img decoding=\"async\" src=\"\/\/a.mktgcdn.com\/uber\/button.png\" alt=\"Ve all\u00ed con Uber.\" \/><\/a><\/p>\n\t<div class=\"img has-hover x md-x lg-x y md-y lg-y\" id=\"image_250954006\">\n\t\t\t\t\t\t\t\t<div class=\"img-inner dark\" >\n\t\t\t\t\t\t\t\t\t\n\t\t\t\t\t<\/div>\n\t\t\t\t\t\t\t\t\n<style>\n#image_250954006 {\n  width: 15%;\n}\n@media (min-width:550px) {\n  #image_250954006 {\n    width: 20%;\n  }\n}\n<\/style>\n\t<\/div>\n\t\n\t\t<\/div>\n\t\t\t\t\t<\/div>\n\n\t\n\n\t<div id=\"col-2008409045\" class=\"col medium-5 small-12 large-6\"  >\n\t\t\t\t<div class=\"col-inner\"  >\n\t\t\t\n\t\t\t\n\t<div class=\"img has-hover x md-x lg-x y md-y lg-y\" id=\"image_1856891411\">\n\t\t\t\t\t\t\t\t<div class=\"img-inner dark\" >\n\t\t\t\t\t\t\t\t\t\n\t\t\t\t\t<\/div>\n\t\t\t\t\t\t\t\t\n<style>\n#image_1856891411 {\n  width: 15%;\n}\n@media (min-width:550px) {\n  #image_1856891411 {\n    width: 20%;\n  }\n}\n<\/style>\n\t<\/div>\n\t\n<h3 class=\"uppercase\"><span style=\"text-decoration: underline;\" data-text-color=\"primary\">Horario<\/span><\/h3>\n<ul>\n<li class=\"bullet-arrow\"><span style=\"font-size: 160%;\"><strong>Lunes: 9:00 a. m. \u2013 5:00 p. m.<\/strong><\/span><\/li>\n<li class=\"bullet-arrow\"><span style=\"font-size: 160%;\"><strong>Martes: 9:00 a. m. \u2013 5:00 p. m.<\/strong><\/span><\/li>\n<li class=\"bullet-arrow\"><span style=\"font-size: 160%;\"><strong>Mi\u00e9rcoles: 9:00 a. m. \u2013 5:00 p. m.<\/strong><\/span><\/li>\n<li class=\"bullet-arrow\"><span style=\"font-size: 160%;\"><strong>Jueves: 9:00 a. m. \u2013 5:00 p. m.<\/strong><\/span><\/li>\n<li class=\"bullet-arrow\"><span style=\"font-size: 160%;\"><strong>Viernes: 9:00 a. m. \u2013 5:00 p. m.<\/strong><\/span><\/li>\n<\/ul>\n\t\t<\/div>\n\t\t\t\t\t<\/div>\n\n\t\n<\/div>\n\t\t<\/div>\n\t\t\t\t\n<style>\n#col-398964853 > .col-inner {\n  padding: 0px 0px 0px 20px;\n}\n<\/style>\n\t<\/div>\n\n\t\n\n\t<div id=\"col-546818125\" class=\"col medium-12 small-12 large-5\"  >\n\t\t\t\t<div class=\"col-inner\" style=\"background-color:#82ced7;\" >\n\t\t\t\n\t\t\t\n\t<div id=\"gap-462570928\" class=\"gap-element clearfix\" style=\"display:block; height:auto;\">\n\t\t\n<style>\n#gap-462570928 {\n  padding-top: 30px;\n}\n<\/style>\n\t<\/div>\n\t\n\n<div class=\"wpcf7 no-js\" id=\"wpcf7-f9-o1\" lang=\"en-US\" dir=\"ltr\" data-wpcf7-id=\"9\">\n<div class=\"screen-reader-response\"><p role=\"status\" aria-live=\"polite\" aria-atomic=\"true\"><\/p> <ul><\/ul><\/div>\n<form action=\"\/es\/wp-json\/wp\/v2\/pages\/35#wpcf7-f9-o1\" method=\"post\" class=\"wpcf7-form init cf7mls-no-scroll cf7mls-no-moving-animation\" aria-label=\"Contact form\" novalidate=\"novalidate\" data-status=\"init\" data-trp-original-action=\"\/es\/wp-json\/wp\/v2\/pages\/35#wpcf7-f9-o1\">\n<fieldset class=\"hidden-fields-container\"><input type=\"hidden\" name=\"_wpcf7\" value=\"9\" \/><input type=\"hidden\" name=\"_wpcf7_version\" value=\"6.1.5\" \/><input type=\"hidden\" name=\"_wpcf7_locale\" value=\"en_US\" \/><input type=\"hidden\" name=\"_wpcf7_unit_tag\" value=\"wpcf7-f9-o1\" \/><input type=\"hidden\" name=\"_wpcf7_container_post\" value=\"0\" \/><input type=\"hidden\" name=\"_wpcf7_posted_data_hash\" value=\"\" \/><input type=\"hidden\" name=\"_wpcf7cf_hidden_group_fields\" value=\"[]\" \/><input type=\"hidden\" name=\"_wpcf7cf_hidden_groups\" value=\"[]\" \/><input type=\"hidden\" name=\"_wpcf7cf_visible_groups\" value=\"[]\" \/><input type=\"hidden\" name=\"_wpcf7cf_repeaters\" value=\"[]\" \/><input type=\"hidden\" name=\"_wpcf7cf_steps\" value=\"{}\" \/><input type=\"hidden\" name=\"_wpcf7cf_options\" value=\"{&quot;form_id&quot;:9,&quot;conditions&quot;:[],&quot;settings&quot;:{&quot;animation&quot;:&quot;yes&quot;,&quot;animation_intime&quot;:200,&quot;animation_outtime&quot;:200,&quot;conditions_ui&quot;:&quot;normal&quot;,&quot;notice_dismissed&quot;:false}}\" \/>\n<\/fieldset>\n<center>\n\t<h3>CONSULTA GRATUITA\n\t<\/h3>\n<\/center>\n<hr \/>\n<center>\n\t<p><span class=\"wpcf7-form-control-wrap\" data-name=\"your-name\"><input size=\"40\" maxlength=\"400\" class=\"wpcf7-form-control wpcf7-text wpcf7-validates-as-required\" aria-required=\"true\" aria-invalid=\"false\" placeholder=\"Nombre\" value=\"\" type=\"text\" name=\"your-name\" \/><\/span>\n\t<\/p>\n\t<p><span class=\"wpcf7-form-control-wrap\" data-name=\"your-email\"><input size=\"40\" maxlength=\"400\" class=\"wpcf7-form-control wpcf7-email wpcf7-validates-as-required wpcf7-text wpcf7-validates-as-email\" aria-required=\"true\" aria-invalid=\"false\" placeholder=\"Correo electr\u00f3nico\" value=\"\" type=\"email\" name=\"your-email\" \/><\/span>\n\t<\/p>\n\t<p><span class=\"wpcf7-form-control-wrap\" data-name=\"tel-545\"><input size=\"40\" maxlength=\"400\" class=\"wpcf7-form-control wpcf7-tel wpcf7-text wpcf7-validates-as-tel\" aria-invalid=\"false\" placeholder=\"N\u00famero de tel\u00e9fono\" value=\"\" type=\"tel\" name=\"tel-545\" \/><\/span>\n\t<\/p>\n\t<p><span class=\"wpcf7-form-control-wrap\" data-name=\"your-message\"><textarea cols=\"40\" rows=\"10\" maxlength=\"2000\" class=\"wpcf7-form-control wpcf7-textarea\" aria-invalid=\"false\" placeholder=\"\u00bfC\u00f3mo podemos ayudarle?\" name=\"your-message\"><\/textarea><\/span>\n\t<\/p>\n\t<p><input class=\"wpcf7-form-control wpcf7-submit has-spinner button\" type=\"submit\" value=\"Enviar solicitud\" \/>\n\t<\/p>\n<\/center><input\n                    class=\"apbct_special_field apbct_email_id__wp_contact_form_7\"\n                    name=\"apbct__email_id__wp_contact_form_7\"\n                    aria-label=\"apbct__label_id__wp_contact_form_7\"\n                    type=\"text\" size=\"30\" maxlength=\"200\" autocomplete=\"off\"\n                    value=\"\"\n                \/><div class=\"wpcf7-response-output\" aria-hidden=\"true\"><\/div>\n<input type=\"hidden\" name=\"trp-form-language\" value=\"es\"\/><\/form>\n<\/div>\n\n\t\t<\/div>\n\t\t\t\t\t<\/div>\n\n\t\n\n<style>\n#row-1270716050 > .col > .col-inner {\n  padding: 0px 15px 0px 15px;\n}\n<\/style>\n<\/div>\n\t\t<\/div>\n\t\t\t\t\n<style>\n#col-1181613843 > .col-inner {\n  padding: 50px 20px 0px 20px;\n  margin: -0 0px 0px 0px;\n}\n@media (min-width:550px) {\n  #col-1181613843 > .col-inner {\n    padding: 50px 20px 30px 20px;\n    margin: 0 0px 0px 0px;\n  }\n}\n@media (min-width:850px) {\n  #col-1181613843 > .col-inner {\n    padding: 30px 5% 16px 5%;\n    margin: -135px 0px 0px 0px;\n  }\n}\n<\/style>\n\t<\/div>\n\n\t\n<\/div>\n<div class=\"row row-collapse row-full-width\"  id=\"row-1364208380\">\n\n\t<div id=\"col-1622055893\" class=\"col small-12 large-12\"  >\n\t\t\t\t<div class=\"col-inner\"  >\n\t\t\t\n\t\t\t\n\n<p><iframe loading=\"lazy\" style=\"border: 0;\" src=\"https:\/\/www.google.com\/maps\/embed?pb=!1m18!1m12!1m3!1d3326.0950054869904!2d-117.15123102383966!3d33.52491544538973!2m3!1f0!2f0!3f0!3m2!1i1024!2i768!4f13.1!3m3!1m2!1s0x80db7f4c38bda9c3%3A0x726e012be869b183!2sHealthy%20Habit%20Dental!5e0!3m2!1sen!2sus!4v1767050411385!5m2!1sen!2sus\" width=\"100%\" height=\"450\" allowfullscreen=\"allowfullscreen\"><\/iframe><br \/>\n\n\t\t<\/div>\n\t\t\t\t\t<\/div>\n\n\t\n<\/div>","protected":false},"excerpt":{"rendered":"","protected":false},"author":4,"featured_media":826,"parent":0,"menu_order":0,"comment_status":"closed","ping_status":"closed","template":"page-blank.php","meta":{"rop_custom_images_group":[],"rop_custom_messages_group":[],"rop_publish_now":"initial","rop_publish_now_accounts":{"twitter_2013620280241905664_2013620280241905664":""},"rop_publish_now_history":[],"rop_publish_now_status":"pending","footnotes":""},"class_list":["post-35","page","type-page","status-publish","has-post-thumbnail","hentry"],"yoast_head":"<!-- This site is optimized with the Yoast SEO plugin v27.4 - https:\/\/yoast.com\/product\/yoast-seo-wordpress\/ -->\n<title>Contact Healthy Habit Dental Care | Dentist in Temecula, CA<\/title>\n<meta name=\"description\" content=\"Contact Healthy Habit Dental Care in Temecula for a free consultation to learn about our affordable general, cosmetic, and implant dentistry.\" \/>\n<meta name=\"robots\" content=\"index, follow, max-snippet:-1, max-image-preview:large, max-video-preview:-1\" \/>\n<link rel=\"canonical\" href=\"https:\/\/www.healthyhabitdentalcare.com\/es\/contactenos\/\" \/>\n<meta property=\"og:locale\" content=\"es_MX\" \/>\n<meta property=\"og:type\" content=\"article\" \/>\n<meta property=\"og:title\" content=\"Contact Healthy Habit Dental Care | Dentist in Temecula, CA\" \/>\n<meta property=\"og:description\" content=\"Contact Healthy Habit Dental Care in Temecula for a free consultation to learn about our affordable general, cosmetic, and implant dentistry.\" \/>\n<meta property=\"og:url\" content=\"https:\/\/www.healthyhabitdentalcare.com\/es\/contactenos\/\" \/>\n<meta property=\"og:site_name\" content=\"Healthy Habit Dental Care\" \/>\n<meta property=\"article:publisher\" content=\"https:\/\/www.facebook.com\/healthyhabitdentalcare\" \/>\n<meta property=\"article:modified_time\" content=\"2026-01-08T01:31:15+00:00\" \/>\n<meta property=\"og:image\" content=\"https:\/\/www.healthyhabitdentalcare.com\/wp-content\/uploads\/2025\/12\/3-Docs-scaled.jpg\" \/>\n\t<meta property=\"og:image:width\" content=\"2560\" \/>\n\t<meta property=\"og:image:height\" content=\"1758\" \/>\n\t<meta property=\"og:image:type\" content=\"image\/jpeg\" \/>\n<meta name=\"twitter:card\" content=\"summary_large_image\" \/>\n<meta name=\"twitter:label1\" content=\"Est. reading time\" \/>\n\t<meta name=\"twitter:data1\" content=\"2 minutos\" \/>\n<script type=\"application\/ld+json\" class=\"yoast-schema-graph\">{\"@context\":\"https:\\\/\\\/schema.org\",\"@graph\":[{\"@type\":\"WebPage\",\"@id\":\"https:\\\/\\\/www.healthyhabitdentalcare.com\\\/contact-us\\\/\",\"url\":\"https:\\\/\\\/www.healthyhabitdentalcare.com\\\/contact-us\\\/\",\"name\":\"Contact Healthy Habit Dental Care | Dentist in Temecula, CA\",\"isPartOf\":{\"@id\":\"https:\\\/\\\/www.healthyhabitdentalcare.com\\\/#website\"},\"primaryImageOfPage\":{\"@id\":\"https:\\\/\\\/www.healthyhabitdentalcare.com\\\/contact-us\\\/#primaryimage\"},\"image\":{\"@id\":\"https:\\\/\\\/www.healthyhabitdentalcare.com\\\/contact-us\\\/#primaryimage\"},\"thumbnailUrl\":\"https:\\\/\\\/www.healthyhabitdentalcare.com\\\/wp-content\\\/uploads\\\/2025\\\/12\\\/3-Docs-scaled.jpg\",\"datePublished\":\"2025-03-18T05:00:58+00:00\",\"dateModified\":\"2026-01-08T01:31:15+00:00\",\"description\":\"Contact Healthy Habit Dental Care in Temecula for a free consultation to learn about our affordable general, cosmetic, and implant dentistry.\",\"breadcrumb\":{\"@id\":\"https:\\\/\\\/www.healthyhabitdentalcare.com\\\/contact-us\\\/#breadcrumb\"},\"inLanguage\":\"es\",\"potentialAction\":[{\"@type\":\"ReadAction\",\"target\":[\"https:\\\/\\\/www.healthyhabitdentalcare.com\\\/contact-us\\\/\"]}]},{\"@type\":\"ImageObject\",\"inLanguage\":\"es\",\"@id\":\"https:\\\/\\\/www.healthyhabitdentalcare.com\\\/contact-us\\\/#primaryimage\",\"url\":\"https:\\\/\\\/www.healthyhabitdentalcare.com\\\/wp-content\\\/uploads\\\/2025\\\/12\\\/3-Docs-scaled.jpg\",\"contentUrl\":\"https:\\\/\\\/www.healthyhabitdentalcare.com\\\/wp-content\\\/uploads\\\/2025\\\/12\\\/3-Docs-scaled.jpg\",\"width\":2560,\"height\":1758,\"caption\":\"Contact Healthy Habit Dental Care | Dentist in Temecula, CA\"},{\"@type\":\"BreadcrumbList\",\"@id\":\"https:\\\/\\\/www.healthyhabitdentalcare.com\\\/contact-us\\\/#breadcrumb\",\"itemListElement\":[{\"@type\":\"ListItem\",\"position\":1,\"name\":\"Home\",\"item\":\"https:\\\/\\\/www.healthyhabitdentalcare.com\\\/\"},{\"@type\":\"ListItem\",\"position\":2,\"name\":\"Contact Us\"}]},{\"@type\":\"WebSite\",\"@id\":\"https:\\\/\\\/www.healthyhabitdentalcare.com\\\/#website\",\"url\":\"https:\\\/\\\/www.healthyhabitdentalcare.com\\\/\",\"name\":\"Healthy Habit Dental Care\",\"description\":\"A Mini Dental Implant Center of America in Temecula, CA\",\"publisher\":{\"@id\":\"https:\\\/\\\/www.healthyhabitdentalcare.com\\\/#organization\"},\"alternateName\":\"Healthy Habit Dental Care\",\"potentialAction\":[{\"@type\":\"SearchAction\",\"target\":{\"@type\":\"EntryPoint\",\"urlTemplate\":\"https:\\\/\\\/www.healthyhabitdentalcare.com\\\/?s={search_term_string}\"},\"query-input\":{\"@type\":\"PropertyValueSpecification\",\"valueRequired\":true,\"valueName\":\"search_term_string\"}}],\"inLanguage\":\"es\"},{\"@type\":\"Organization\",\"@id\":\"https:\\\/\\\/www.healthyhabitdentalcare.com\\\/#organization\",\"name\":\"Healthy Habit Dental Care\",\"alternateName\":\"A Mini Dental Implant Center of America in Temecula, CA\",\"url\":\"https:\\\/\\\/www.healthyhabitdentalcare.com\\\/\",\"logo\":{\"@type\":\"ImageObject\",\"inLanguage\":\"es\",\"@id\":\"https:\\\/\\\/www.healthyhabitdentalcare.com\\\/#\\\/schema\\\/logo\\\/image\\\/\",\"url\":\"https:\\\/\\\/www.healthyhabitdentalcare.com\\\/wp-content\\\/uploads\\\/2026\\\/01\\\/cropped-Healthy-Habit-Dental-Care-in-Temecula-California.jpg\",\"contentUrl\":\"https:\\\/\\\/www.healthyhabitdentalcare.com\\\/wp-content\\\/uploads\\\/2026\\\/01\\\/cropped-Healthy-Habit-Dental-Care-in-Temecula-California.jpg\",\"width\":512,\"height\":512,\"caption\":\"Healthy Habit Dental Care\"},\"image\":{\"@id\":\"https:\\\/\\\/www.healthyhabitdentalcare.com\\\/#\\\/schema\\\/logo\\\/image\\\/\"},\"sameAs\":[\"https:\\\/\\\/www.facebook.com\\\/healthyhabitdentalcare\",\"https:\\\/\\\/www.instagram.com\\\/healthyhabitdentalcare\\\/\",\"https:\\\/\\\/www.youtube.com\\\/@HealthyHabitDentalCare\"]}]}<\/script>\n<!-- \/ Yoast SEO plugin. -->","yoast_head_json":{"title":"P\u00f3ngase en contacto con Healthy Habit Dental Care | Dentista en Temecula, California","description":"P\u00f3ngase en contacto con Healthy Habit Dental Care en Temecula para una consulta gratuita y obtener informaci\u00f3n sobre nuestros servicios asequibles de odontolog\u00eda general, cosm\u00e9tica e implantes dentales.","robots":{"index":"index","follow":"follow","max-snippet":"max-snippet:-1","max-image-preview":"max-image-preview:large","max-video-preview":"max-video-preview:-1"},"canonical":"https:\/\/www.healthyhabitdentalcare.com\/es\/contactenos\/","og_locale":"es_MX","og_type":"article","og_title":"Contact Healthy Habit Dental Care | Dentist in Temecula, CA","og_description":"Contact Healthy Habit Dental Care in Temecula for a free consultation to learn about our affordable general, cosmetic, and implant dentistry.","og_url":"https:\/\/www.healthyhabitdentalcare.com\/es\/contactenos\/","og_site_name":"Healthy Habit Dental Care","article_publisher":"https:\/\/www.facebook.com\/healthyhabitdentalcare","article_modified_time":"2026-01-08T01:31:15+00:00","og_image":[{"width":2560,"height":1758,"url":"https:\/\/www.healthyhabitdentalcare.com\/wp-content\/uploads\/2025\/12\/3-Docs-scaled.jpg","type":"image\/jpeg"}],"twitter_card":"summary_large_image","twitter_misc":{"Est. reading time":"2 minutos"},"schema":{"@context":"https:\/\/schema.org","@graph":[{"@type":"WebPage","@id":"https:\/\/www.healthyhabitdentalcare.com\/contact-us\/","url":"https:\/\/www.healthyhabitdentalcare.com\/contact-us\/","name":"P\u00f3ngase en contacto con Healthy Habit Dental Care | Dentista en Temecula, California","isPartOf":{"@id":"https:\/\/www.healthyhabitdentalcare.com\/#website"},"primaryImageOfPage":{"@id":"https:\/\/www.healthyhabitdentalcare.com\/contact-us\/#primaryimage"},"image":{"@id":"https:\/\/www.healthyhabitdentalcare.com\/contact-us\/#primaryimage"},"thumbnailUrl":"https:\/\/www.healthyhabitdentalcare.com\/wp-content\/uploads\/2025\/12\/3-Docs-scaled.jpg","datePublished":"2025-03-18T05:00:58+00:00","dateModified":"2026-01-08T01:31:15+00:00","description":"P\u00f3ngase en contacto con Healthy Habit Dental Care en Temecula para una consulta gratuita y obtener informaci\u00f3n sobre nuestros servicios asequibles de odontolog\u00eda general, cosm\u00e9tica e implantes dentales.","breadcrumb":{"@id":"https:\/\/www.healthyhabitdentalcare.com\/contact-us\/#breadcrumb"},"inLanguage":"es","potentialAction":[{"@type":"ReadAction","target":["https:\/\/www.healthyhabitdentalcare.com\/contact-us\/"]}]},{"@type":"ImageObject","inLanguage":"es","@id":"https:\/\/www.healthyhabitdentalcare.com\/contact-us\/#primaryimage","url":"https:\/\/www.healthyhabitdentalcare.com\/wp-content\/uploads\/2025\/12\/3-Docs-scaled.jpg","contentUrl":"https:\/\/www.healthyhabitdentalcare.com\/wp-content\/uploads\/2025\/12\/3-Docs-scaled.jpg","width":2560,"height":1758,"caption":"Contact Healthy Habit Dental Care | Dentist in Temecula, CA"},{"@type":"BreadcrumbList","@id":"https:\/\/www.healthyhabitdentalcare.com\/contact-us\/#breadcrumb","itemListElement":[{"@type":"ListItem","position":1,"name":"Home","item":"https:\/\/www.healthyhabitdentalcare.com\/"},{"@type":"ListItem","position":2,"name":"Contact Us"}]},{"@type":"WebSite","@id":"https:\/\/www.healthyhabitdentalcare.com\/#website","url":"https:\/\/www.healthyhabitdentalcare.com\/","name":"Cuidado dental para h\u00e1bitos saludables","description":"Un centro de mini implantes dentales de Am\u00e9rica en Temecula, California.","publisher":{"@id":"https:\/\/www.healthyhabitdentalcare.com\/#organization"},"alternateName":"Healthy Habit Dental Care","potentialAction":[{"@type":"SearchAction","target":{"@type":"EntryPoint","urlTemplate":"https:\/\/www.healthyhabitdentalcare.com\/?s={search_term_string}"},"query-input":{"@type":"PropertyValueSpecification","valueRequired":true,"valueName":"search_term_string"}}],"inLanguage":"es"},{"@type":"Organization","@id":"https:\/\/www.healthyhabitdentalcare.com\/#organization","name":"Cuidado dental para h\u00e1bitos saludables","alternateName":"A Mini Dental Implant Center of America in Temecula, CA","url":"https:\/\/www.healthyhabitdentalcare.com\/","logo":{"@type":"ImageObject","inLanguage":"es","@id":"https:\/\/www.healthyhabitdentalcare.com\/#\/schema\/logo\/image\/","url":"https:\/\/www.healthyhabitdentalcare.com\/wp-content\/uploads\/2026\/01\/cropped-Healthy-Habit-Dental-Care-in-Temecula-California.jpg","contentUrl":"https:\/\/www.healthyhabitdentalcare.com\/wp-content\/uploads\/2026\/01\/cropped-Healthy-Habit-Dental-Care-in-Temecula-California.jpg","width":512,"height":512,"caption":"Healthy Habit Dental Care"},"image":{"@id":"https:\/\/www.healthyhabitdentalcare.com\/#\/schema\/logo\/image\/"},"sameAs":["https:\/\/www.facebook.com\/healthyhabitdentalcare","https:\/\/www.instagram.com\/healthyhabitdentalcare\/","https:\/\/www.youtube.com\/@HealthyHabitDentalCare"]}]}},"_links":{"self":[{"href":"https:\/\/www.healthyhabitdentalcare.com\/es\/wp-json\/wp\/v2\/pages\/35","targetHints":{"allow":["GET"]}}],"collection":[{"href":"https:\/\/www.healthyhabitdentalcare.com\/es\/wp-json\/wp\/v2\/pages"}],"about":[{"href":"https:\/\/www.healthyhabitdentalcare.com\/es\/wp-json\/wp\/v2\/types\/page"}],"author":[{"embeddable":true,"href":"https:\/\/www.healthyhabitdentalcare.com\/es\/wp-json\/wp\/v2\/users\/4"}],"replies":[{"embeddable":true,"href":"https:\/\/www.healthyhabitdentalcare.com\/es\/wp-json\/wp\/v2\/comments?post=35"}],"version-history":[{"count":0,"href":"https:\/\/www.healthyhabitdentalcare.com\/es\/wp-json\/wp\/v2\/pages\/35\/revisions"}],"wp:featuredmedia":[{"embeddable":true,"href":"https:\/\/www.healthyhabitdentalcare.com\/es\/wp-json\/wp\/v2\/media\/826"}],"wp:attachment":[{"href":"https:\/\/www.healthyhabitdentalcare.com\/es\/wp-json\/wp\/v2\/media?parent=35"}],"curies":[{"name":"wp","href":"https:\/\/api.w.org\/{rel}","templated":true}]}}